{"id":1109,"date":"2015-03-23T00:00:07","date_gmt":"2015-03-23T00:00:07","guid":{"rendered":"http:\/\/www.ff-puerstling.at\/wp\/?page_id=1109"},"modified":"2024-02-13T14:41:37","modified_gmt":"2024-02-13T13:41:37","slug":"kommando","status":"publish","type":"page","link":"https:\/\/www.ff-puerstling.at\/wp\/?page_id=1109","title":{"rendered":"Kommando"},"content":{"rendered":"<p style=\"text-align: center;\"><strong>Das Kommando der FF P\u00fcrstling<\/strong><\/p>\n<p><a href=\"https:\/\/www.ff-puerstling.at\/wp\/wp-content\/uploads\/2024\/02\/IMG_5719-scaled.jpg\"><img loading=\"lazy\" decoding=\"async\" class=\"alignleft size-large wp-image-13887\" src=\"https:\/\/www.ff-puerstling.at\/wp\/wp-content\/uploads\/2024\/02\/IMG_5719-1024x683.jpg\" alt=\"\" width=\"660\" height=\"440\" srcset=\"https:\/\/www.ff-puerstling.at\/wp\/wp-content\/uploads\/2024\/02\/IMG_5719-1024x683.jpg 1024w, https:\/\/www.ff-puerstling.at\/wp\/wp-content\/uploads\/2024\/02\/IMG_5719-300x200.jpg 300w, https:\/\/www.ff-puerstling.at\/wp\/wp-content\/uploads\/2024\/02\/IMG_5719-150x100.jpg 150w, https:\/\/www.ff-puerstling.at\/wp\/wp-content\/uploads\/2024\/02\/IMG_5719-768x512.jpg 768w, https:\/\/www.ff-puerstling.at\/wp\/wp-content\/uploads\/2024\/02\/IMG_5719-1536x1024.jpg 1536w, https:\/\/www.ff-puerstling.at\/wp\/wp-content\/uploads\/2024\/02\/IMG_5719-2048x1365.jpg 2048w\" sizes=\"(max-width: 660px) 100vw, 660px\" \/><\/a><\/p>\n<p>&nbsp;<\/p>\n<p>v.l.n.r.<\/p>\n<ul>\n<li>Ger\u00e4tewart: BI d.F. Daniel Brandl<\/li>\n<li>Kassenf\u00fchrerin: BI d.F. Daniela Riepl<\/li>\n<li>Kommandant: HBI Martin Hildner<\/li>\n<li>KDT-STV: OBI Arnold Kastl<\/li>\n<li>Schriftf\u00fchrer: BI d.F. Christian Hildner<\/li>\n<\/ul>\n<p>&nbsp;<\/p>\n<p style=\"text-align: center;\"><strong>Das erweiterte Kommando der FF P\u00fcrstling:<\/strong><\/p>\n<p><a href=\"https:\/\/www.ff-puerstling.at\/wp\/wp-content\/uploads\/2024\/02\/IMG_5717-scaled.jpg\"><img loading=\"lazy\" decoding=\"async\" class=\"alignleft size-large wp-image-13889\" src=\"https:\/\/www.ff-puerstling.at\/wp\/wp-content\/uploads\/2024\/02\/IMG_5717-1024x683.jpg\" alt=\"\" width=\"660\" height=\"440\" srcset=\"https:\/\/www.ff-puerstling.at\/wp\/wp-content\/uploads\/2024\/02\/IMG_5717-1024x683.jpg 1024w, https:\/\/www.ff-puerstling.at\/wp\/wp-content\/uploads\/2024\/02\/IMG_5717-300x200.jpg 300w, https:\/\/www.ff-puerstling.at\/wp\/wp-content\/uploads\/2024\/02\/IMG_5717-150x100.jpg 150w, https:\/\/www.ff-puerstling.at\/wp\/wp-content\/uploads\/2024\/02\/IMG_5717-768x512.jpg 768w, https:\/\/www.ff-puerstling.at\/wp\/wp-content\/uploads\/2024\/02\/IMG_5717-1536x1024.jpg 1536w, https:\/\/www.ff-puerstling.at\/wp\/wp-content\/uploads\/2024\/02\/IMG_5717-2048x1365.jpg 2048w\" sizes=\"(max-width: 660px) 100vw, 660px\" \/><\/a><\/p>\n<p>&nbsp;<\/p>\n<p>v.l.n.r.<\/p>\n<ul>\n<li>Kommandant: HBI Martin Hildner<\/li>\n<li>GRKDT: HBM Johannes Br\u00e4uer<\/li>\n<li>Ger\u00e4tewart: BI d.F. Daniel Brandl<\/li>\n<li>FB Ger\u00e4te und Wartung: HBM d.F. Thomas Wagner<\/li>\n<li>Schriftf\u00fchrer: BI d.F. Christian Hildner<\/li>\n<li>GRKDT: HBM Benedikt Stelzm\u00fcller<\/li>\n<li>Kassenf\u00fchrerin: BI d.F. Daniela Riepl<\/li>\n<li>FB Funk und LuN-Dienst: HBM d.F. Julia Lehner<\/li>\n<li>Lotsenkommandant BI Andreas Kastl<\/li>\n<li>FB Atemschutz: HBM d.F. Manuel Etzlstorfer<\/li>\n<li>KDT-STV: OBI Arnold Kastl<\/li>\n<li>FB-STV Atemschutz: OBM d.F. Mathias Stifter (nicht am Bild)<\/li>\n<\/ul>\n<p>&nbsp;<\/p>\n<p>&nbsp;<\/p>\n","protected":false},"excerpt":{"rendered":"<p>Das Kommando der FF P\u00fcrstling &nbsp; v.l.n.r. Ger\u00e4tewart: BI d.F. Daniel Brandl Kassenf\u00fchrerin: BI d.F. Daniela Riepl Kommandant: HBI Martin Hildner KDT-STV: OBI Arnold Kastl Schriftf\u00fchrer: BI d.F. Christian Hildner &nbsp; Das erweiterte Kommando der FF P\u00fcrstling: &nbsp; v.l.n.r. Kommandant: HBI Martin Hildner GRKDT: HBM Johannes Br\u00e4uer Ger\u00e4tewart: BI d.F. Daniel Brandl FB Ger\u00e4te und [&hellip;]<\/p>\n","protected":false},"author":1,"featured_media":0,"parent":0,"menu_order":0,"comment_status":"open","ping_status":"open","template":"","meta":{"ngg_post_thumbnail":0,"footnotes":""},"class_list":["post-1109","page","type-page","status-publish","hentry"],"_links":{"self":[{"href":"https:\/\/www.ff-puerstling.at\/wp\/index.php?rest_route=\/wp\/v2\/pages\/1109"}],"collection":[{"href":"https:\/\/www.ff-puerstling.at\/wp\/index.php?rest_route=\/wp\/v2\/pages"}],"about":[{"href":"https:\/\/www.ff-puerstling.at\/wp\/index.php?rest_route=\/wp\/v2\/types\/page"}],"author":[{"embeddable":true,"href":"https:\/\/www.ff-puerstling.at\/wp\/index.php?rest_route=\/wp\/v2\/users\/1"}],"replies":[{"embeddable":true,"href":"https:\/\/www.ff-puerstling.at\/wp\/index.php?rest_route=%2Fwp%2Fv2%2Fcomments&post=1109"}],"version-history":[{"count":22,"href":"https:\/\/www.ff-puerstling.at\/wp\/index.php?rest_route=\/wp\/v2\/pages\/1109\/revisions"}],"predecessor-version":[{"id":13944,"href":"https:\/\/www.ff-puerstling.at\/wp\/index.php?rest_route=\/wp\/v2\/pages\/1109\/revisions\/13944"}],"wp:attachment":[{"href":"https:\/\/www.ff-puerstling.at\/wp\/index.php?rest_route=%2Fwp%2Fv2%2Fmedia&parent=1109"}],"curies":[{"name":"wp","href":"https:\/\/api.w.org\/{rel}","templated":true}]}}