{"id":1120,"date":"2015-03-23T01:25:06","date_gmt":"2015-03-23T00:25:06","guid":{"rendered":"http:\/\/www.ff-puerstling.at\/wp\/?page_id=1120"},"modified":"2015-03-23T01:52:04","modified_gmt":"2015-03-23T00:52:04","slug":"feuerwehrgruendung","status":"publish","type":"page","link":"https:\/\/www.ff-puerstling.at\/wp\/?page_id=1120","title":{"rendered":"Feuerwehrgr\u00fcndung"},"content":{"rendered":"<p>Auf Anregung des Obmannes der Freiwilligen Feuerwehr Sandl unter Alois Metzl und Oberlehrer Breitschopf, sowie Josef Maurer \u2013 \u00d6konom in P\u00fcrstling Nr. 8 wurde im Jahre 1906 die Freiwillige Feuerwehr P\u00fcrstling gegr\u00fcndet.<br \/>\nSchon im Jahre 1903 wurde bei einer Versammlung beim Wirt in P\u00fcrstling eine Sammlung zum Kauf einer Abprotzspritze sowie 3m Saugschlauch, 20 m Hanfschlauch mit 2 Gewinden, 1 Handrohr mit 2 Mundst\u00fccken abgehalten. (Preis der Ger\u00e4te betrug 237 Kronen)<\/p>\n<p><strong>Das Sammelergebnis betrug 229 Kronen.<\/strong><\/p>\n<p>&nbsp;<\/p>\n<p>Im September 1906 wurden die Statuten verfa\u00dft und der hohen Stadthalterei zur Genehmigung vorgelegt, welche nicht untersagt wurden.<\/p>\n<h3 align=\"center\"><strong> <strong>Gr\u00fcndungsvorstand 1906<\/strong><\/strong><\/h3>\n<p align=\"center\"><strong><strong>Obmann Josef Maurer ~ \u00d6konom in P\u00fcrstling 8 geb.: 1869<\/strong><\/strong><\/p>\n<p align=\"center\"><strong><strong>Obmannstellvertreter Franz Bauer ~ \u00d6konom in Rindlberg geb.: 1863<\/strong><\/strong><\/p>\n<p align=\"center\"><strong><strong>Schriftf\u00fchrer und Kassier Johann Wagner ~ \u00d6konom in P\u00fcrstling geb.: 1853<\/strong><\/strong><\/p>\n<p align=\"center\"><strong><strong>Zeugwart Karl Mittendorfer ~ M\u00fcller in P\u00fcrstling geb.: 1868<\/strong><\/strong><\/p>\n<p align=\"left\">Am <strong>04. November<\/strong> fand die <strong>Wahl des Wehrauschu\u00dfes statt<\/strong>, 34 Mitglieder gelobten Obmann Maurer die Treue. Die Wehr umfa\u00dfte 10 Gr\u00fcndungsmitglieder, weiters 24 Aktive und 26 Unterst\u00fctzende Mitglieder. Die Gr\u00fcndungsversammlung wurde mit einem 3 maligen Hoch auf den Majest\u00e4t den Kaiser von Obmann Josef Maurer geschlossen.<\/p>\n<p align=\"left\"><strong><a href=\"https:\/\/www.ff-puerstling.at\/wp\/wp-content\/uploads\/2015\/03\/image002.jpg\"><img loading=\"lazy\" decoding=\"async\" class=\"alignleft wp-image-1124\" src=\"https:\/\/www.ff-puerstling.at\/wp\/wp-content\/uploads\/2015\/03\/image002-244x300.jpg\" alt=\"image002\" width=\"187\" height=\"230\" srcset=\"https:\/\/www.ff-puerstling.at\/wp\/wp-content\/uploads\/2015\/03\/image002-244x300.jpg 244w, https:\/\/www.ff-puerstling.at\/wp\/wp-content\/uploads\/2015\/03\/image002.jpg 291w\" sizes=\"auto, (max-width: 187px) 100vw, 187px\" \/><\/a><\/strong><\/p>\n<p>&nbsp;<\/p>\n<p><strong>\u00a0Gr\u00fcndungsobmann im Jahre 1906<\/strong><\/p>\n<p><strong>Josef Maurer <\/strong><\/p>\n<p><strong>\u00a0\u00d6konom in P\u00fcrstling Nr. 8<\/strong><\/p>\n<p><strong>\u00a0<\/strong><\/p>\n<p><strong>\u00a0<\/strong><\/p>\n<p>&nbsp;<\/p>\n<p>&nbsp;<\/p>\n<p>Am 23. November 1906 wurde beim O.\u00d6. Landesfeuerwehrverband um Aufnahme zu diesem angesucht. Weiters wurde bei der Firma Rosenbauer in Linz f\u00fcr 25 Mann eine Einsatzbekleidung angekauft.<\/p>\n<p>M\u00e4rz 1907 &#8211; Ankauf von 40m Hanfschl\u00e4uchen von der Firma Gug in Linz. \/ Preis \u2013 84 Kronen.<\/p>\n<p>Am 27. Mai 1908 war ein Brand im Hause P\u00fcrstling Nr. 12 durch Blitzschlag, es entstand Totalschaden, aber das Wohnzimmer, der Stubenkasten und s\u00e4mtliche Zimmereinrichtung konnten gerettet werden. \u2013 20 Mann waren zum Brandeinsatz ausger\u00fcckt.<\/p>\n<p>Im Jahre 1909 r\u00fcckte die Feuerwehr P\u00fcrstling gemeinsam mit der Feuerwehr Sandl und der Musik aus Sandl zum 25 j\u00e4hrigen Gr\u00fcndungsfest der Freiwilligen Feuerwehr Windhaag aus.<\/p>\n<p>Im Jahre 1911 r\u00fcckte die Feuerwehr P\u00fcrstling zu einem Brand in P\u00fcrstling Nr. 4 aus. Brandursache war wiederum Blitzschlag. Am Objekt entstand Totalschaden, jedoch konnten einige landwirtschaftliche Ger\u00e4te, sowie M\u00f6belst\u00fccke gerettet werden. \u2013 18 Mann eingesetzt.<\/p>\n<p>Einnahmen im Jahre 1911 waren beim Feuerwehrkr\u00e4nzchen 29 K u. 5 h, von der Gemeinde K 50 und vom Landesfeuerwehrverband K 200. Der Kassastand betrug 1911 \u2013 K 348 und 78 h.<\/p>\n<p>Im Jahre 1912 wurde bei der Generalversammlung der Beschlu\u00df gefa\u00dft ein Feuerwehrdepot zu bauen, der Grund dazu wurde von Johann Wagner spendiert.<br \/>\nZu Br\u00e4nden in Rothenbachl Nr. 6 und einem Brand in K\u00f6nigsau 10 r\u00fcckte die Wehr 1912 aus.<\/p>\n<h2 align=\"center\"><strong>Erstes Feuerwehrdepot<\/strong><\/h2>\n<p>Im Juli 1913 wurde das erst Feuerwehrdepot errichtet. Das Baumaterial (Steine) wurden von Feuerwehrmitgliedern beschaffen. Die Maurerarbeiten wurden von der Fa. Holzhaider aus St. Oswald, die Zimmererarbeiten von Kamerad Johann Wagner durchgef\u00fchrt.<\/p>\n<h2 align=\"center\"><strong>Getreidesammlung f\u00fcr Feuerwehranschaffungen<\/strong><\/h2>\n<p>Um zu Geld f\u00fcr die notwendigen Anschaffungen wie Ger\u00e4te und Einsatzkleidung zu kommen wurde im Jahre 1924 eine Getreidesammlung durchgef\u00fchrt. Die einzelnen \u00d6konomen waren sehr spendefreudig und so konnte ein Reinerl\u00f6s von 565.850 Kronen erzielt werden.<\/p>\n<p>1924 wurde ein Gartenfest zur allgemeinen Belustigung beim \u201eWirt in P\u00fcrstling\u201c abgehalten. Der Reinerl\u00f6s betrug staatliche 415.000 Kronen, f\u00fcr Dienstleistungen bei Br\u00e4nden wurde von der Herrschaft 400.000 Kronen spendiert, auch die Donau Versicherung gab 200.000 Kronen.<br \/>\nNach einer Kassenpr\u00fcfung im Jahre 1924 wurde das Geldverm\u00f6gen der Feuerwehr mit 2.978.626 Kronen und 45 Heller angegeben.<\/p>\n<p>In den Jahren 1928 und 1929 wurde eine gro\u00dfe Spritze mit Vordergestell und eine Schlauchhaspel angekauft. Der gesamte Wehrausschu\u00df wurde im Jahre 1928 wiedergew\u00e4hlt.<\/p>\n<p>1931 wurden 12 St\u00fcck Zwillichblusen, 10 St\u00fcck Mannschaftsgurte und 4 St\u00fcck Panther Handfeuerl\u00f6scher zu einem Preis von 160.- angekauft.<\/p>\n<p>1932 legt der Schriftf\u00fchrer und Kassier Johann Wagner legt als ehrw\u00fcrdiger Greis eine Funktion<br \/>\nnieder, an seine Stelle tritt der H\u00e4usler Karl Eneckl aus Rothenbachl.<\/p>\n<p>Am 25. Juni 1932 wurde das 25. j\u00e4hrige Gr\u00fcndungsfest mit Dekorierung langj\u00e4hriger Mitglieder abgehalten. Die Festansprache hielten Oberlehrer Piesches aus Sandl und Obmann Josef Maurer.<\/p>\n<p>Im Jahre 1936 wurde bei einem Feuerwehrkr\u00e4nzchen beim P\u00fcrstlinger Wirt ein Reingewinn von Schilling 73 und Groschen 72 gemacht.<strong><br \/>\n<\/strong><\/p>\n<h2 align=\"center\"><strong>Neuwahlen im Jahre 1938<\/strong><\/h2>\n<p align=\"center\"><strong><strong>Obmann Franz Hildner ~ \u00d6konom aus P\u00fcrstling Nr. 15 geb.: 1902<\/strong><\/strong><\/p>\n<p align=\"center\"><strong><strong>Stellvertreter Leopold Wagner ~ \u00d6konom in P\u00fcrstling geb.: 1898<\/strong><\/strong><\/p>\n<p align=\"center\"><strong><strong>Zeugwart Josef Punz ~ Wagnermeister in P\u00fcrstling geb.: 1903<\/strong><\/strong><\/p>\n<p align=\"center\"><strong><strong>Schriftf\u00fchrer u. Kassier Karl Eneckl ~ H\u00e4usler in Rothenbachl 11 geb.: 1885 <\/strong><\/strong><\/p>\n<p align=\"left\"><strong><br \/>\n<a href=\"https:\/\/www.ff-puerstling.at\/wp\/wp-content\/uploads\/2015\/03\/image004.jpg\"><img loading=\"lazy\" decoding=\"async\" class=\"alignleft wp-image-1125 size-full\" src=\"https:\/\/www.ff-puerstling.at\/wp\/wp-content\/uploads\/2015\/03\/image004.jpg\" alt=\"image004\" width=\"252\" height=\"252\" \/><\/a> <\/strong><\/p>\n<p><strong>\u00a0<\/strong><\/p>\n<p><strong>\u00a0<\/strong><\/p>\n<p><strong>Obmann vor dem 2. Weltkrieg<\/strong><\/p>\n<h1><strong>Franz Hildner<\/strong><\/h1>\n<p><strong> aus P\u00fcrstling Nr. 15<br \/>\n<\/strong><\/p>\n<p><strong>\u00a0 <\/strong><\/p>\n<p>&nbsp;<\/p>\n<p>&nbsp;<\/p>\n<p>Die Feuerwehr P\u00fcrstling wurde nach neuen Gesetzesbestimmungen im Jahre 1938 der Feuerwehr Sandl unterstellt und war somit nicht mehr eigenst\u00e4ndig.<\/p>\n<p>Die Feuerwehraktivit\u00e4ten wurden wegen des Krieges von 1938 bis 1947 unterbrochen.<\/p>\n<p>Nach dem Krieg wurde im Jahre 1947 das Barverm\u00f6gen der Feuerwehr infolge einer Geldabwertung im Verh\u00e4ltnis 3 : 1 umgetauscht. 8102,5 Schilling wurden somit zu 600 Schilling und 30 Groschen.<\/p>\n<h2 align=\"center\"><strong><strong>Wiederaufstellung der Feuerwehr nach dem Krieg im Jahre 1947<\/strong><\/strong><\/h2>\n<p align=\"center\"><strong><strong>Wehrf\u00fchrer Franz Hildner lehnte eine Wiederwahl ab.<\/strong><\/strong><\/p>\n<p align=\"center\"><strong><strong>Wehrf\u00fchrer Franz St\u00fctz ~ \u00d6konom aus P\u00fcrstling geb.. 1906<\/strong><\/strong><\/p>\n<p align=\"center\"><strong><strong>Stellvertreter Leopold Wagner ~ \u00d6konom aus Rindlberg geb.: 1898<\/strong><\/strong><\/p>\n<p align=\"center\"><strong><strong>Zeugwart Josef Punz ~ Wagnermeister aus P\u00fcrstling geb.: 1903<\/strong><\/strong><\/p>\n<p align=\"center\"><strong><strong>Schriftf\u00fchrer und Kassier Karl Eneckl ~ H\u00e4usler in Rothenbachl geb.: 1885<\/strong><strong><br \/>\n<a href=\"https:\/\/www.ff-puerstling.at\/wp\/wp-content\/uploads\/2015\/03\/005.jpg\"><img loading=\"lazy\" decoding=\"async\" class=\"alignleft wp-image-1122\" src=\"https:\/\/www.ff-puerstling.at\/wp\/wp-content\/uploads\/2015\/03\/005.jpg\" alt=\"005\" width=\"145\" height=\"196\" \/><\/a> <\/strong> <\/strong><\/p>\n<p><strong><br \/>\nDer 3. Wehrf\u00fchrer der Feuerwehr P\u00fcrstling nach Wiederaufstellung der Wehr nach dem 2. Weltkrieg im Jahre 1947.<\/strong><\/p>\n<h2><strong>Franz St\u00fctz<br \/>\n(Peter\u00b4n Hansl)<\/strong><\/h2>\n<p><strong>aus P\u00fcrstling 12<br \/>\n<\/strong><\/p>\n<p>Ankauf einer neuen Motorspritze im Jahre 1948<\/p>\n<p>Angekauft wurde eine neue Motorspritze zum Preis von Schilling 11.000.-, zum Ankauf wurden teilweise Lebensmittel von einzelnen Kameraden gegeben. Auch die Gemeinde Sandl, sowie Gr\u00e4fin Czernin Kinsky leisteten Geldbetr\u00e4ge, so konnte die Motorspritze zur G\u00e4nze bezahlt werden. 1948 wurde die neue Motorspritze bei einer Festveranstaltung eingeweiht, Frau Ludmilla Wagner \u2013 B\u00e4uerin aus P\u00fcrstling wurde als Spritzenpatin namhaft gemacht. Bei der Spritzenweihe durch Ortspfarrer Feichtinger waren auch die Nachbarsfeuerwehren St. Oswald, Harrachstal, Marreith, Sp\u00f6rbichl und die Ortsfeuerwehren Sandl und Gugu anwesend.<\/p>\n<h2 align=\"center\"><strong>40 j\u00e4hriges Gr\u00fcndungsfest im Jahre 1949<\/strong><\/h2>\n<p>Um 9.00 Uhr waren die 3 Ortsfeuerwehren Sandl, Gugu und P\u00fcrstling beim Festgottesdienst in der Pfarrkirche Sandl. Nach der Messe marschierten alle gemeinsam zum Festplatz beim Wirt in P\u00fcrstling und um 13.30 Uhr wurden die ausw\u00e4rtigen Feuerwehren empfangen.<\/p>\n<h2 align=\"center\"><strong>Kartoffelsammlung im Jahre 1950<\/strong><\/h2>\n<p>Unter Wehrf\u00fchrer Franz St\u00fctz wurde eine Kartoffelsammlung in den Ortschaften P\u00fcrstling, Rindlberg, Neuhof, Steinwald, Weinviertl, Rothenbachl und Gr\u00f6\u00dfgst\u00f6tten durchgef\u00fchrt, der Reinerl\u00f6s sollte zum Ankauf eines neuen Feuerwehrautos dienen. Gesammelt wurden 6790 kg Kartoffeln, welche zu einem Preis von Schilling 2716.- verkauft wurden. (Kilopreis damals 40 Groschen)<\/p>\n<p>Der gesamte Wehrvorstand (erstmals mit Stimmzettel) wurde im Jahre 1951 wiedergew\u00e4hlt.<br \/>\nAm 21. Mai ist der ehemalige Zeugwart Karl Mittendorfer aus P\u00fcrstling verstorben.<br \/>\nBeim Brand durch Blitzschlag am 16. Juli im Hause St\u00fctz in Neuhof. Die Feuerwehren Sandl, St. Oswald, Marreith und P\u00fcrstling beteiligten sich an der Brandbek\u00e4mpfung.<\/p>\n<h2 align=\"center\"><strong><br \/>\nBrandkatastrophe in Schenkenfelden 1951<\/strong><\/h2>\n<p align=\"center\">Der gesamte Ortskern von Schenkenfelden wurde im Jahre 1951 ein Raub der Flammen. Daher wurde f\u00fcr die gesch\u00e4digten Ortsbewohner von Schenkenfelden eine Geldsammlung durchgef\u00fchrt. Als Sammler waren t\u00e4tig:<br \/>\nin P\u00fcrstling \u2013 Hr. St\u00fctz und Wagner S 201.-<br \/>\nin K\u00f6nigsau u. Steinkreuz &#8211; Karl Hie\u00dfl S 95.-<br \/>\nin Rothenbachl \u2013 Karl Eneckl S 58.-<br \/>\nin Steinwald \u2013 August Bauer S 51.-<br \/>\nin Gr\u00f6\u00dfgst\u00f6tten \u2013 Josef Punz S 58.-<br \/>\nin Weinviertl \u2013 Josef Pachner S 12.-<br \/>\nin Rindlberg \u2013 Johann St\u00fctz S 39.-<br \/>\nin Neuhof \u2013 Johann St\u00fctz S 90.-<\/p>\n<p align=\"center\">Der gesammelte Gesamtbetrag von Schilling 604.- wurden den Brandgesch\u00e4digten \u00fcbergeben<strong>.<\/strong><\/p>\n<h2 align=\"center\"><strong><strong>Sammlung zum Ankauf eines Feuerwehrautos<\/strong><\/strong><\/h2>\n<p>Wehrf\u00fchrer Franz St\u00fctz bittet die Kameraden eine kleine Spende zu Ankauf eines Feuerwehrautos zu geben. Je 5 Schillinge gaben die Herren Franz Wagner, Karl Eneckl, Schatzl, Franz Stelzm\u00fcller, Adolf Maurer, Hubert Brandl, Rudolf Seyerl, Johann Riepl, Max Pum, Friedrich Maurer und Leopold Punz.<br \/>\nJe 10 Schillinge gaben die Kameraden Josef Pachner, Leopold Wagner, Franz St\u00fctz, August Bauer und Johann St\u00fctz. \u2013 Kolmbauer Gottfried spendierte Schilling 12.<\/p>\n<p>Franz Bauer der ehemalige Wehrf\u00fchrerstellvertreter (1906 \u2013 1938) ist im Jahre 1947 verstorben.<\/p>\n<p align=\"center\"><strong><br \/>\n<a href=\"https:\/\/www.ff-puerstling.at\/wp\/wp-content\/uploads\/2015\/03\/006.jpg\"><img loading=\"lazy\" decoding=\"async\" class=\"aligncenter wp-image-1123 size-medium\" src=\"https:\/\/www.ff-puerstling.at\/wp\/wp-content\/uploads\/2015\/03\/006-300x191.jpg\" alt=\"006\" width=\"300\" height=\"191\" srcset=\"https:\/\/www.ff-puerstling.at\/wp\/wp-content\/uploads\/2015\/03\/006-300x191.jpg 300w, https:\/\/www.ff-puerstling.at\/wp\/wp-content\/uploads\/2015\/03\/006.jpg 423w\" sizes=\"auto, (max-width: 300px) 100vw, 300px\" \/><\/a> <\/strong><\/p>\n","protected":false},"excerpt":{"rendered":"<p>Auf Anregung des Obmannes der Freiwilligen Feuerwehr Sandl unter Alois Metzl und Oberlehrer Breitschopf, sowie Josef Maurer \u2013 \u00d6konom in P\u00fcrstling Nr. 8 wurde im Jahre 1906 die Freiwillige Feuerwehr P\u00fcrstling gegr\u00fcndet. Schon im Jahre 1903 wurde bei einer Versammlung beim Wirt in P\u00fcrstling eine Sammlung zum Kauf einer Abprotzspritze sowie 3m Saugschlauch, 20 m [&hellip;]<\/p>\n","protected":false},"author":1,"featured_media":0,"parent":0,"menu_order":0,"comment_status":"closed","ping_status":"closed","template":"","meta":{"ngg_post_thumbnail":0,"footnotes":""},"class_list":["post-1120","page","type-page","status-publish","hentry"],"_links":{"self":[{"href":"https:\/\/www.ff-puerstling.at\/wp\/index.php?rest_route=\/wp\/v2\/pages\/1120","targetHints":{"allow":["GET"]}}],"collection":[{"href":"https:\/\/www.ff-puerstling.at\/wp\/index.php?rest_route=\/wp\/v2\/pages"}],"about":[{"href":"https:\/\/www.ff-puerstling.at\/wp\/index.php?rest_route=\/wp\/v2\/types\/page"}],"author":[{"embeddable":true,"href":"https:\/\/www.ff-puerstling.at\/wp\/index.php?rest_route=\/wp\/v2\/users\/1"}],"replies":[{"embeddable":true,"href":"https:\/\/www.ff-puerstling.at\/wp\/index.php?rest_route=%2Fwp%2Fv2%2Fcomments&post=1120"}],"version-history":[{"count":7,"href":"https:\/\/www.ff-puerstling.at\/wp\/index.php?rest_route=\/wp\/v2\/pages\/1120\/revisions"}],"predecessor-version":[{"id":1132,"href":"https:\/\/www.ff-puerstling.at\/wp\/index.php?rest_route=\/wp\/v2\/pages\/1120\/revisions\/1132"}],"wp:attachment":[{"href":"https:\/\/www.ff-puerstling.at\/wp\/index.php?rest_route=%2Fwp%2Fv2%2Fmedia&parent=1120"}],"curies":[{"name":"wp","href":"https:\/\/api.w.org\/{rel}","templated":true}]}}