{"id":6572,"date":"2018-06-12T21:50:25","date_gmt":"2018-06-12T20:50:25","guid":{"rendered":"http:\/\/www.ff-puerstling.at\/wp\/?page_id=6572"},"modified":"2018-06-12T21:52:47","modified_gmt":"2018-06-12T20:52:47","slug":"impressium","status":"publish","type":"page","link":"https:\/\/www.ff-puerstling.at\/wp\/?page_id=6572","title":{"rendered":"Impressum"},"content":{"rendered":"<h2>Kontakt<\/h2>\n<p>&nbsp;<\/p>\n<p>Freiwillige Feuerwehr P\u00fcrstling<br \/>\nKdt. HBI Martin Hildner<br \/>\nP\u00fcrstling 10<br \/>\n4251 Sandl<\/p>\n<p>02414@fr.ooelfv.at<br \/>\nhttp:\/\/www.ff-puerstling.at<\/p>\n<h2>Quellenangaben f\u00fcr die verwendeten Bilder<\/h2>\n<p>Sofern nicht anders angegeben sind die Bilder alle von der Freiwilligen Feuerwehr P\u00fcrstling<\/p>\n<h2>Haftungsausschluss<\/h2>\n<p>Haftung f\u00fcr Inhalte<br \/>\nDie Inhalte unserer Seiten wurden mit gr\u00f6\u00dfter Sorgfalt erstellt. F\u00fcr die Richtigkeit, Vollst\u00e4ndigkeit und Aktualit\u00e4t der Inhalte k\u00f6nnen wir jedoch keine Gew\u00e4hr \u00fcbernehmen. Verpflichtungen zur Entfernung oder Sperrung der Nutzung von Informationen nach den allgemeinen Gesetzen bleiben hiervon unber\u00fchrt. Eine diesbez\u00fcgliche Haftung ist jedoch erst ab dem Zeitpunkt der Kenntnis einer konkreten Rechtsverletzung m\u00f6glich. Bei Bekanntwerden von entsprechenden Rechtsverletzungen werden wir diese Inhalte umgehend entfernen.<\/p>\n<p>Haftung f\u00fcr Links<br \/>\nUnser Angebot enth\u00e4lt Links zu externen Webseiten Dritter, auf deren Inhalte wir keinen Einfluss haben. Deshalb k\u00f6nnen wir f\u00fcr diese fremden Inhalte auch keine Gew\u00e4hr \u00fcbernehmen. F\u00fcr die Inhalte der verlinkten Seiten ist stets der jeweilige Anbieter oder Betreiber der Seiten verantwortlich. Die verlinkten Seiten wurden zum Zeitpunkt der Verlinkung auf m\u00f6gliche Rechtsverst\u00f6\u00dfe \u00fcberpr\u00fcft. Rechtswidrige Inhalte waren zum Zeitpunkt der Verlinkung nicht erkennbar. Eine permanente inhaltliche Kontrolle der verlinkten Seiten ist jedoch ohne konkrete Anhaltspunkte einer Rechtsverletzung nicht zumutbar. Bei Bekanntwerden von Rechtsverletzungen werden wir derartige Links umgehend entfernen.<\/p>\n<p>Urheberrecht<br \/>\nDie durch die Seitenbetreiber erstellten bzw. verwendeten Inhalte auf diesen Seiten unterliegen dem Urheberrecht. Die Vervielf\u00e4ltigung, Bearbeitung, Verbreitung und jede Art der Verwertung au\u00dferhalb der Grenzen des Urheberrechtes bed\u00fcrfen der Zustimmung des jeweiligen Autors bzw. Erstellers. Downloads und Kopien dieser Seite sind nur f\u00fcr den privaten, nicht kommerziellen Gebrauch gestattet. Soweit die Inhalte auf dieser Seite nicht vom Betreiber erstellt wurden, werden die Urheberrechte Dritter beachtet. Insbesondere werden Inhalte Dritter als solche gekennzeichnet. Sollten Sie trotzdem auf eine Urheberrechtsverletzung aufmerksam werden, bitten wir um einen entsprechenden Hinweis. Bei Bekanntwerden von Rechtsverletzungen werden wir derartige Inhalte umgehend entfernen.<\/p>\n","protected":false},"excerpt":{"rendered":"<p>Kontakt &nbsp; Freiwillige Feuerwehr P\u00fcrstling Kdt. HBI Martin Hildner P\u00fcrstling 10 4251 Sandl 02414@fr.ooelfv.at http:\/\/www.ff-puerstling.at Quellenangaben f\u00fcr die verwendeten Bilder Sofern nicht anders angegeben sind die Bilder alle von der Freiwilligen Feuerwehr P\u00fcrstling Haftungsausschluss Haftung f\u00fcr Inhalte Die Inhalte unserer Seiten wurden mit gr\u00f6\u00dfter Sorgfalt erstellt. F\u00fcr die Richtigkeit, Vollst\u00e4ndigkeit und Aktualit\u00e4t der Inhalte k\u00f6nnen [&hellip;]<\/p>\n","protected":false},"author":1,"featured_media":0,"parent":0,"menu_order":0,"comment_status":"closed","ping_status":"closed","template":"","meta":{"ngg_post_thumbnail":0,"footnotes":""},"class_list":["post-6572","page","type-page","status-publish","hentry"],"_links":{"self":[{"href":"https:\/\/www.ff-puerstling.at\/wp\/index.php?rest_route=\/wp\/v2\/pages\/6572","targetHints":{"allow":["GET"]}}],"collection":[{"href":"https:\/\/www.ff-puerstling.at\/wp\/index.php?rest_route=\/wp\/v2\/pages"}],"about":[{"href":"https:\/\/www.ff-puerstling.at\/wp\/index.php?rest_route=\/wp\/v2\/types\/page"}],"author":[{"embeddable":true,"href":"https:\/\/www.ff-puerstling.at\/wp\/index.php?rest_route=\/wp\/v2\/users\/1"}],"replies":[{"embeddable":true,"href":"https:\/\/www.ff-puerstling.at\/wp\/index.php?rest_route=%2Fwp%2Fv2%2Fcomments&post=6572"}],"version-history":[{"count":3,"href":"https:\/\/www.ff-puerstling.at\/wp\/index.php?rest_route=\/wp\/v2\/pages\/6572\/revisions"}],"predecessor-version":[{"id":6576,"href":"https:\/\/www.ff-puerstling.at\/wp\/index.php?rest_route=\/wp\/v2\/pages\/6572\/revisions\/6576"}],"wp:attachment":[{"href":"https:\/\/www.ff-puerstling.at\/wp\/index.php?rest_route=%2Fwp%2Fv2%2Fmedia&parent=6572"}],"curies":[{"name":"wp","href":"https:\/\/api.w.org\/{rel}","templated":true}]}}